{"id":43,"date":"2026-04-21T10:28:54","date_gmt":"2026-04-21T10:28:54","guid":{"rendered":"http:\/\/www.justufc.com.tr\/?page_id=43"},"modified":"2026-04-22T08:26:20","modified_gmt":"2026-04-22T08:26:20","slug":"haberler","status":"publish","type":"page","link":"https:\/\/www.justufc.com.tr\/index.php\/haberler\/","title":{"rendered":"Haberler"},"content":{"rendered":"\t\t<div data-elementor-type=\"wp-page\" data-elementor-id=\"43\" class=\"elementor elementor-43\">\n\t\t\t\t<div class=\"elementor-element elementor-element-cda7c4c e-flex e-con-boxed e-con e-parent\" data-id=\"cda7c4c\" data-element_type=\"container\" data-e-type=\"container\">\n\t\t\t\t\t<div class=\"e-con-inner\">\n\t\t\t\t\t<\/div>\n\t\t\t\t<\/div>\n\t\t<div class=\"elementor-element elementor-element-4dbc042 e-flex e-con-boxed e-con e-parent\" data-id=\"4dbc042\" data-element_type=\"container\" data-e-type=\"container\">\n\t\t\t\t\t<div class=\"e-con-inner\">\n\t\t\t\t<div class=\"elementor-element elementor-element-1ef1aec elementor-widget elementor-widget-html\" data-id=\"1ef1aec\" data-element_type=\"widget\" data-e-type=\"widget\" data-widget_type=\"html.default\">\n\t\t\t\t\t<div class=\"ufc-ticker\">\n  <div class=\"ticker-wrap\">\n    <div class=\"ticker-item\">G\u00dcNCEL: UFC 310 Ma\u00e7 Kart\u0131 A\u00e7\u0131kland\u0131!<\/div>\n    <div class=\"ticker-item\">SON DAK\u0130KA: Conor McGregor'dan Yeni A\u00e7\u0131klama...<\/div>\n    <div class=\"ticker-item\">B\u0130LG\u0130: Islam Makhachev S\u0131ralamada Zirveyi Koruyor!<\/div>\n  <\/div>\n<\/div>\n\n<style>\n.ufc-ticker {\n  background: #D20A0A; \n  color: white;\n  padding: 12px 0;\n  font-family: Arial, sans-serif;\n  font-weight: bold;\n  text-transform: uppercase;\n  overflow: hidden;\n  border-bottom: 2px solid #000;\n}\n.ticker-wrap {\n  display: flex;\n  white-space: nowrap;\n  animation: ticker 25s linear infinite;\n}\n.ticker-item {\n  padding: 0 50px;\n  font-size: 16px;\n}\n@keyframes ticker {\n  0% { transform: translateX(100%); }\n  100% { transform: translateX(-100%); }\n}\n<\/style>\n\t\t\t\t<\/div>\n\t\t\t\t<div class=\"elementor-element elementor-element-cafcaf7 elementor-widget elementor-widget-html\" data-id=\"cafcaf7\" data-element_type=\"widget\" data-e-type=\"widget\" data-widget_type=\"html.default\">\n\t\t\t\t\t<iframe width=\"360\" height=\"440\"  src=\"https:\/\/rss.app\/embed\/v1\/carousel\/tIqpc1pZcOEa0jFG\" frameborder=\"0\"><\/iframe>\n\t\t\t\t<\/div>\n\t\t\t\t\t<\/div>\n\t\t\t\t<\/div>\n\t\t\t\t<\/div>\n\t\t","protected":false},"excerpt":{"rendered":"<p>G\u00dcNCEL: UFC 310 Ma\u00e7 Kart\u0131 A\u00e7\u0131kland\u0131! SON DAK\u0130KA: Conor McGregor&#8217;dan Yeni A\u00e7\u0131klama&#8230; B\u0130LG\u0130: Islam Makhachev S\u0131ralamada Zirveyi Koruyor!<\/p>\n","protected":false},"author":1,"featured_media":0,"parent":0,"menu_order":0,"comment_status":"closed","ping_status":"closed","template":"","meta":{"colormag_page_container_layout":"default_layout","colormag_page_sidebar_layout":"default_layout","footnotes":""},"class_list":["post-43","page","type-page","status-publish","hentry"],"_links":{"self":[{"href":"https:\/\/www.justufc.com.tr\/index.php\/wp-json\/wp\/v2\/pages\/43","targetHints":{"allow":["GET"]}}],"collection":[{"href":"https:\/\/www.justufc.com.tr\/index.php\/wp-json\/wp\/v2\/pages"}],"about":[{"href":"https:\/\/www.justufc.com.tr\/index.php\/wp-json\/wp\/v2\/types\/page"}],"author":[{"embeddable":true,"href":"https:\/\/www.justufc.com.tr\/index.php\/wp-json\/wp\/v2\/users\/1"}],"replies":[{"embeddable":true,"href":"https:\/\/www.justufc.com.tr\/index.php\/wp-json\/wp\/v2\/comments?post=43"}],"version-history":[{"count":4,"href":"https:\/\/www.justufc.com.tr\/index.php\/wp-json\/wp\/v2\/pages\/43\/revisions"}],"predecessor-version":[{"id":147,"href":"https:\/\/www.justufc.com.tr\/index.php\/wp-json\/wp\/v2\/pages\/43\/revisions\/147"}],"wp:attachment":[{"href":"https:\/\/www.justufc.com.tr\/index.php\/wp-json\/wp\/v2\/media?parent=43"}],"curies":[{"name":"wp","href":"https:\/\/api.w.org\/{rel}","templated":true}]}}