{"id":163,"date":"2026-04-22T09:29:29","date_gmt":"2026-04-22T09:29:29","guid":{"rendered":"http:\/\/www.justufc.com.tr\/?page_id=163"},"modified":"2026-04-22T09:29:48","modified_gmt":"2026-04-22T09:29:48","slug":"efsaneler","status":"publish","type":"page","link":"https:\/\/www.justufc.com.tr\/index.php\/arsiv\/efsaneler\/","title":{"rendered":"Efsaneler"},"content":{"rendered":"\n<div class=\"ufc-legends-archive\">\n    <h2 class=\"legends-title\">UFC EFSANELER AR\u015e\u0130V\u0130 (HALL OF FAME)<\/h2>\n    <div class=\"legends-grid\">\n        <div class=\"legend-card\"><span>Royce Gracie<\/span><small>UFC 1 \u015eampiyonu<\/small><\/div>\n        <div class=\"legend-card\"><span>Khabib Nurmagomedov<\/span><small>29-0 Nama\u011flup<\/small><\/div>\n        <div class=\"legend-card\"><span>Anderson Silva<\/span><small>&#8220;The Spider&#8221;<\/small><\/div>\n        <div class=\"legend-card\"><span>Georges St-Pierre<\/span><small>&#8220;GSP&#8221;<\/small><\/div>\n        <div class=\"legend-card\"><span>Jon Jones<\/span><small>GOAT (Halen Aktif\/Efsane)<\/small><\/div>\n        \n        <div class=\"legend-card\"><span>Daniel Cormier<\/span><small>&#8220;DC&#8221; Double Champ<\/small><\/div>\n        <div class=\"legend-card\"><span>Chuck Liddell<\/span><small>&#8220;The Iceman&#8221;<\/small><\/div>\n        <div class=\"legend-card\"><span>Randy Couture<\/span><small>&#8220;The Natural&#8221;<\/small><\/div>\n        <div class=\"legend-card\"><span>B.J. Penn<\/span><small>&#8220;The Prodigy&#8221;<\/small><\/div>\n        <div class=\"legend-card\"><span>Jose Aldo<\/span><small>T\u00fcy S\u0131klet Kral\u0131<\/small><\/div>\n\n        <div class=\"legend-card\"><span>Amanda Nunes<\/span><small>Kad\u0131nlar GOAT<\/small><\/div>\n        <div class=\"legend-card\"><span>Ronda Rousey<\/span><small>&#8220;Rowdy&#8221;<\/small><\/div>\n        <div class=\"legend-card\"><span>Matt Hughes<\/span><small>G\u00fcre\u015f Efsanesi<\/small><\/div>\n        <div class=\"legend-card\"><span>Vitor Belfort<\/span><small>&#8220;The Phenom&#8221;<\/small><\/div>\n        <div class=\"legend-card\"><span>Dan Henderson<\/span><small>&#8220;Hendo&#8221;<\/small><\/div>\n\n        <div class=\"legend-card\"><span>Ken Shamrock<\/span><small>D\u00fcnyan\u0131n En Tehlikeli Adam\u0131<\/small><\/div>\n        <div class=\"legend-card\"><span>Tito Ortiz<\/span><small>&#8220;The Huntington Beach Bad Boy&#8221;<\/small><\/div>\n        <div class=\"legend-card\"><span>Quinton Jackson<\/span><small>&#8220;Rampage&#8221;<\/small><\/div>\n        <div class=\"legend-card\"><span>Michael Bisping<\/span><small>&#8220;The Count&#8221;<\/small><\/div>\n        <div class=\"legend-card\"><span>Dominick Cruz<\/span><small>Horoz S\u0131klet Efsanesi<\/small><\/div>\n\n        <div class=\"legend-card\"><span>Demetrious Johnson<\/span><small>&#8220;Mighty Mouse&#8221;<\/small><\/div>\n        <div class=\"legend-card\"><span>Frankie Edgar<\/span><small>&#8220;The Answer&#8221;<\/small><\/div>\n        <div class=\"legend-card\"><span>Urijah Faber<\/span><small>&#8220;The California Kid&#8221;<\/small><\/div>\n        <div class=\"legend-card\"><span>Cain Velasquez<\/span><small>A\u011f\u0131r S\u0131klet Canavar\u0131<\/small><\/div>\n        <div class=\"legend-card\"><span>Mark Coleman<\/span><small>&#8220;The Godfather of Ground &#038; Pound&#8221;<\/small><\/div>\n\n        <div class=\"legend-card\"><span>Bas Rutten<\/span><small>&#8220;El Guapo&#8221;<\/small><\/div>\n        <div class=\"legend-card\"><span>Ant\u00f4nio Rodrigo Nogueira<\/span><small>&#8220;Minotauro&#8221;<\/small><\/div>\n        <div class=\"legend-card\"><span>Mirko Cro Cop<\/span><small>K-1 &#038; Pride Efsanesi<\/small><\/div>\n        <div class=\"legend-card\"><span>Don Frye<\/span><small>UFC 8 &#038; 10 \u015eampiyonu<\/small><\/div>\n        <div class=\"legend-card\"><span>Brock Lesnar<\/span><small>A\u011f\u0131r S\u0131klet Fenomeni<\/small><\/div>\n    <\/div>\n<\/div>\n\n<style>\n    .ufc-legends-archive {\n        background: #000;\n        padding: 30px;\n        font-family: 'Oswald', sans-serif;\n    }\n    .legends-title {\n        color: #fff;\n        text-align: center;\n        border-bottom: 4px solid #D20A0A;\n        padding-bottom: 15px;\n        margin-bottom: 30px;\n        font-size: 28px;\n        letter-spacing: 2px;\n    }\n    .legends-grid {\n        display: grid;\n        grid-template-columns: repeat(auto-fill, minmax(200px, 1fr));\n        gap: 15px;\n    }\n    .legend-card {\n        background: #111;\n        border: 1px solid #333;\n        padding: 20px;\n        text-align: center;\n        transition: 0.3s;\n        display: flex;\n        flex-direction: column;\n        justify-content: center;\n        min-height: 80px;\n    }\n    .legend-card:hover {\n        background: #D20A0A;\n        border-color: #fff;\n        transform: translateY(-5px);\n    }\n    .legend-card span {\n        color: #fff;\n        font-weight: bold;\n        font-size: 16px;\n        display: block;\n        text-transform: uppercase;\n    }\n    .legend-card small {\n        color: #888;\n        font-size: 11px;\n        margin-top: 5px;\n        text-transform: italic;\n    }\n    .legend-card:hover small {\n        color: #eee;\n    }\n    @media (max-width: 600px) {\n        .legends-grid { grid-template-columns: 1fr 1fr; } \/* Mobilde yan yana 2 tane *\/\n    }\n<\/style>\n","protected":false},"excerpt":{"rendered":"<p>UFC EFSANELER AR\u015e\u0130V\u0130 (HALL OF FAME) Royce GracieUFC 1 \u015eampiyonu Khabib Nurmagomedov29-0 Nama\u011flup Anderson Silva&#8220;The Spider&#8221; Georges St-Pierre&#8220;GSP&#8221; Jon JonesGOAT<\/p>\n","protected":false},"author":1,"featured_media":0,"parent":161,"menu_order":0,"comment_status":"closed","ping_status":"closed","template":"","meta":{"colormag_page_container_layout":"default_layout","colormag_page_sidebar_layout":"default_layout","footnotes":""},"class_list":["post-163","page","type-page","status-publish","hentry"],"_links":{"self":[{"href":"https:\/\/www.justufc.com.tr\/index.php\/wp-json\/wp\/v2\/pages\/163","targetHints":{"allow":["GET"]}}],"collection":[{"href":"https:\/\/www.justufc.com.tr\/index.php\/wp-json\/wp\/v2\/pages"}],"about":[{"href":"https:\/\/www.justufc.com.tr\/index.php\/wp-json\/wp\/v2\/types\/page"}],"author":[{"embeddable":true,"href":"https:\/\/www.justufc.com.tr\/index.php\/wp-json\/wp\/v2\/users\/1"}],"replies":[{"embeddable":true,"href":"https:\/\/www.justufc.com.tr\/index.php\/wp-json\/wp\/v2\/comments?post=163"}],"version-history":[{"count":1,"href":"https:\/\/www.justufc.com.tr\/index.php\/wp-json\/wp\/v2\/pages\/163\/revisions"}],"predecessor-version":[{"id":164,"href":"https:\/\/www.justufc.com.tr\/index.php\/wp-json\/wp\/v2\/pages\/163\/revisions\/164"}],"up":[{"embeddable":true,"href":"https:\/\/www.justufc.com.tr\/index.php\/wp-json\/wp\/v2\/pages\/161"}],"wp:attachment":[{"href":"https:\/\/www.justufc.com.tr\/index.php\/wp-json\/wp\/v2\/media?parent=163"}],"curies":[{"name":"wp","href":"https:\/\/api.w.org\/{rel}","templated":true}]}}